{"id":4136,"date":"2022-03-21T07:42:33","date_gmt":"2022-03-21T07:42:33","guid":{"rendered":"https:\/\/hayatideniz.com\/home"},"modified":"2025-08-02T10:18:50","modified_gmt":"2025-08-02T10:18:50","slug":"home","status":"publish","type":"page","link":"https:\/\/hayatideniz.com\/en","title":{"rendered":"Home"},"content":{"rendered":"\n\n\t<p>Sorular\u0131n\u0131z ve Randevu Talebi \u0130\u00e7in Kalp ve Damar Cerrahisi Prof. Dr. Hayati Deniz&#8217;den bilgi ve randevu almak i\u00e7in ileti\u015fime ge\u00e7in.<\/p>\n<h2>\n\t\tHastal\u0131k &#038; Tedavi\n\t<\/h2>\n<h2>\n\t\tMakale\n\t<\/h2>\n<h2>\n\t\tH\u0131zl\u0131 Men\u00fc\n\t<\/h2>\n\n","protected":false},"excerpt":{"rendered":"<p>Sorular\u0131n\u0131z ve Randevu Talebi \u0130\u00e7in &hellip;<\/p>\n<p class=\"read-more\"> <a class=\"\" href=\"https:\/\/hayatideniz.com\/en\"> <span class=\"screen-reader-text\">Home<\/span> Read More \u00bb<\/a><\/p>\n","protected":false},"author":1,"featured_media":0,"parent":0,"menu_order":0,"comment_status":"closed","ping_status":"closed","template":"","meta":{"_uag_custom_page_level_css":"","site-sidebar-layout":"no-sidebar","site-content-layout":"page-builder","ast-site-content-layout":"full-width-container","site-content-style":"unboxed","site-sidebar-style":"unboxed","ast-global-header-display":"","ast-banner-title-visibility":"","ast-main-header-display":"","ast-hfb-above-header-display":"","ast-hfb-below-header-display":"","ast-hfb-mobile-header-display":"","site-post-title":"disabled","ast-breadcrumbs-content":"","ast-featured-img":"disabled","footer-sml-layout":"","theme-transparent-header-meta":"disabled","adv-header-id-meta":"","stick-header-meta":"","header-above-stick-meta":"","header-main-stick-meta":"","header-below-stick-meta":"","astra-migrate-meta-layouts":"","footnotes":""},"class_list":["post-4136","page","type-page","status-publish","hentry"],"uagb_featured_image_src":{"full":false,"thumbnail":false,"medium":false,"medium_large":false,"large":false,"1536x1536":false,"2048x2048":false},"uagb_author_info":{"display_name":"admin","author_link":"https:\/\/hayatideniz.com\/en\/author\/ibrahim_wgztrw7s"},"uagb_comment_info":0,"uagb_excerpt":"Sorular\u0131n\u0131z ve Randevu Talebi \u0130\u00e7in &hellip; Home Read More \u00bb","_links":{"self":[{"href":"https:\/\/hayatideniz.com\/en\/wp-json\/wp\/v2\/pages\/4136","targetHints":{"allow":["GET"]}}],"collection":[{"href":"https:\/\/hayatideniz.com\/en\/wp-json\/wp\/v2\/pages"}],"about":[{"href":"https:\/\/hayatideniz.com\/en\/wp-json\/wp\/v2\/types\/page"}],"author":[{"embeddable":true,"href":"https:\/\/hayatideniz.com\/en\/wp-json\/wp\/v2\/users\/1"}],"replies":[{"embeddable":true,"href":"https:\/\/hayatideniz.com\/en\/wp-json\/wp\/v2\/comments?post=4136"}],"version-history":[{"count":4,"href":"https:\/\/hayatideniz.com\/en\/wp-json\/wp\/v2\/pages\/4136\/revisions"}],"predecessor-version":[{"id":4185,"href":"https:\/\/hayatideniz.com\/en\/wp-json\/wp\/v2\/pages\/4136\/revisions\/4185"}],"wp:attachment":[{"href":"https:\/\/hayatideniz.com\/en\/wp-json\/wp\/v2\/media?parent=4136"}],"curies":[{"name":"wp","href":"https:\/\/api.w.org\/{rel}","templated":true}]}}